{"id":561,"date":"2022-12-16T19:26:29","date_gmt":"2022-12-16T17:26:29","guid":{"rendered":"https:\/\/main1364.live-website.com\/product\/v-neck-t-shirt-3\/"},"modified":"2025-11-01T10:53:01","modified_gmt":"2025-11-01T08:53:01","slug":"101s-blabla-rockkit-better-conversations-kit","status":"publish","type":"product","link":"https:\/\/101s.community\/ca\/producte\/101s-blabla-rockkit-better-conversations-kit\/","title":{"rendered":"101s Blabla Kit for better conversations"},"content":{"rendered":"<h1>Continguts<\/h1>\n<ul>\n<li>bossa<\/li>\n<li>3 felt wool circles<\/li>\n<li>table of contents and usage guide<\/li>\n<li>bola d'estr\u00e8s com a ceptre de l'oradora<\/li>\n<li>2-5 figuretes de pedra<\/li>\n<li>see-saw<\/li>\n<li>emotions table<\/li>\n<li>full d'intencions<\/li>\n<li>topic post-its<\/li>\n<\/ul>\n<h1>La hist\u00f2ria del Kit de Converses que Importen 101s<\/h1>\n<p>Pel Kit de Converses que Importen, vam reunir eines que vam desenvolupar i adoptar al llarg del temps per a diverses converses dif\u00edcils que hav\u00edem de tenir. El primer va ser el full d'intencions, que vam dissenyar per a un taller sobre converses dif\u00edcils, el 2021. \u00c9s m\u00e9s o menys al mateix temps que vam adoptar la meravellosa i infrautilitzada roda de les emocions, que vam promoure durant els tallers d'autocura. Vam crear, tamb\u00e9, els cercles d'emocions i figuretes (en un principi, eren personatges de Playmobil ????) en el context d'un proc\u00e9s comunitari el mateix estiu (uau, quin estiu m\u00e9s creatiu, ara que ho pensem ????).<\/p>\n<p>En aquest darrer proc\u00e9s, com que estaven sorgint comportaments i patrons desafiants per a moltes de nosaltres, sab\u00edem que les emocions serien fonamentals per a qualsevol resoluci\u00f3 que pogu\u00e9ssim arribar com a grup. Vol\u00edem, doncs, que s'expressessin i s'escoltessin, per\u00f2 tamb\u00e9 sab\u00edem com de dif\u00edcil pot ser, per tantes raons (p. ex., t'han titllat mai de \"sensible\", com amb nosaltres, a l'hora d'expressar emocions?). Vol\u00edem una manera que permet\u00e9s que tothom en la conversa express\u00e9s com se sentia sense haver d'interrompre l'oradora. I aix\u00ed ho vam fer! Va ser molt divertit triar una figureta i, despr\u00e9s, ubicar-la a \"l'espai emocional\", en relaci\u00f3 amb les altres.<\/p>\n<h2>Putting our emotions on the table. Like, literally!<\/h2>\n<p>De vegades, els cercles emocionals faran la seva feina fins i tot quan no s'utilitzin: col\u00b7locant-los a prop, i escollint una figureta per representar les nostres emocions, ja haurem alterat l'espai f\u00edsic \u2014 i simb\u00f2lic \u2014 per indicar no nom\u00e9s que som conscients que aquesta conversa pot ser emotiva, per\u00f2 tamb\u00e9 que aquestes emocions s\u00f3n benvingudes aqu\u00ed. Amb aix\u00f2 a vegades \u00e9s suficient!<\/p>\n<p>Aleshores, el simple acte de moure la nostra figureta, potser fins i tot posar-li un nom, donar-li una hist\u00f2ria (\u00e9s nom\u00e9s una part de mi, per a aquesta conversa? \u00c9s un jo d'un moment concret del passat, o fins i tot del futur?) pot despertar la curiositat i convidar la lleugeresa i l'alegria. Aix\u00ed, ens podrem sentir m\u00e9s connectades, millor cuidades.<\/p>\n<p>Tamb\u00e9 podem indicar, amb els nostres personatges, que de moment ja n'hem tingut prou, que ens ajuda a preguntar-nos com ens sentim, o que necessitem un descans. Els cercles de les emocions s\u00f3n nom\u00e9s una eina; a mesura que les incorporem a les nostres converses, trobarem la nostra pr\u00f2pia manera de fer-les servir. (I, si us plau, compartiu amb nosaltres com ho feu: hello@101s.community ????????)<\/p>","protected":false},"excerpt":{"rendered":"<p class=\"translation-block\">Parlem de coses importants a totes hores. Per qu\u00e8 no fer-ho b\u00e9? El Kit de Converses que Importen agafa bones pr\u00e0ctiques de conversa (emocions, intencions, presa de torns) i les fa <em>f\u00edsiques<\/em>, <em>concretes<\/em> i, el m\u00e9s important, <em>gracioses<\/em>! Per a adultes, adolescents i nenes de m\u00e9s de 10 anys.<\/p>","protected":false},"featured_media":787,"comment_status":"open","ping_status":"closed","template":"","meta":{"_themeisle_gutenberg_block_has_review":false},"product_brand":[],"product_cat":[91],"product_tag":[],"class_list":{"0":"post-561","1":"product","2":"type-product","3":"status-publish","4":"has-post-thumbnail","6":"product_cat-communication","8":"first","9":"instock","10":"featured","11":"taxable","12":"shipping-taxable","13":"purchasable","14":"product-type-variable","15":"add-to-wishlist-after_add_to_cart"},"jetpack_sharing_enabled":true,"_links":{"self":[{"href":"https:\/\/101s.community\/ca\/wp-json\/wp\/v2\/product\/561","targetHints":{"allow":["GET"]}}],"collection":[{"href":"https:\/\/101s.community\/ca\/wp-json\/wp\/v2\/product"}],"about":[{"href":"https:\/\/101s.community\/ca\/wp-json\/wp\/v2\/types\/product"}],"replies":[{"embeddable":true,"href":"https:\/\/101s.community\/ca\/wp-json\/wp\/v2\/comments?post=561"}],"wp:featuredmedia":[{"embeddable":true,"href":"https:\/\/101s.community\/ca\/wp-json\/wp\/v2\/media\/787"}],"wp:attachment":[{"href":"https:\/\/101s.community\/ca\/wp-json\/wp\/v2\/media?parent=561"}],"wp:term":[{"taxonomy":"product_brand","embeddable":true,"href":"https:\/\/101s.community\/ca\/wp-json\/wp\/v2\/product_brand?post=561"},{"taxonomy":"product_cat","embeddable":true,"href":"https:\/\/101s.community\/ca\/wp-json\/wp\/v2\/product_cat?post=561"},{"taxonomy":"product_tag","embeddable":true,"href":"https:\/\/101s.community\/ca\/wp-json\/wp\/v2\/product_tag?post=561"}],"curies":[{"name":"wp","href":"https:\/\/api.w.org\/{rel}","templated":true}]}}